{"id":993,"date":"2025-12-10T11:45:00","date_gmt":"2025-12-10T10:45:00","guid":{"rendered":"https:\/\/kreatorurodzin.pl\/?page_id=993"},"modified":"2025-12-10T11:47:53","modified_gmt":"2025-12-10T10:47:53","slug":"polityka-prywatnosci","status":"publish","type":"page","link":"https:\/\/kreatorurodzin.pl\/en\/polityka-prywatnosci\/","title":{"rendered":"Polityka prywatno\u015bci"},"content":{"rendered":"\t\t<div data-elementor-type=\"wp-page\" data-elementor-id=\"993\" class=\"elementor elementor-993\" data-elementor-post-type=\"page\">\n\t\t\t\t<div class=\"elementor-element elementor-element-71dd7f3 e-flex e-con-boxed e-con e-parent\" data-id=\"71dd7f3\" data-element_type=\"container\" data-e-type=\"container\">\n\t\t\t\t\t<div class=\"e-con-inner\">\n\t\t\t\t<div class=\"elementor-element elementor-element-e6d4931 elementor-widget elementor-widget-heading\" data-id=\"e6d4931\" data-element_type=\"widget\" data-e-type=\"widget\" data-widget_type=\"heading.default\">\n\t\t\t\t<div class=\"elementor-widget-container\">\n\t\t\t\t\t<h2 class=\"elementor-heading-title elementor-size-default\">Polityka prywatno\u015bci<\/h2>\t\t\t\t<\/div>\n\t\t\t\t<\/div>\n\t\t\t\t\t<\/div>\n\t\t\t\t<\/div>\n\t\t<div class=\"elementor-element elementor-element-e84c318 e-flex e-con-boxed e-con e-parent\" data-id=\"e84c318\" data-element_type=\"container\" data-e-type=\"container\">\n\t\t\t\t\t<div class=\"e-con-inner\">\n\t\t\t\t<div class=\"elementor-element elementor-element-6679c77 elementor-widget elementor-widget-text-editor\" data-id=\"6679c77\" data-element_type=\"widget\" data-e-type=\"widget\" data-widget_type=\"text-editor.default\">\n\t\t\t\t<div class=\"elementor-widget-container\">\n\t\t\t\t\t\t\t\t\t<h2 class=\"mb-2 mt-4 font-display font-semimedium text-base first:mt-0\">1. Informacje og\u00f3lne<\/h2><p class=\"my-2 [&amp;+p]:mt-4 [&amp;_strong:has(+br)]:inline-block [&amp;_strong:has(+br)]:pb-2\">1.1. Niniejsza Polityka prywatno\u015bci opisuje zasady przetwarzania danych osobowych U\u017cytkownik\u00f3w serwisu internetowego Kreator Urodzin, dost\u0119pnego pod adresem: kreatorurodzin.pl (dalej: \u201eSerwis\u201d).<span aria-label=\"RODO i serwis internetowy - 7 rzeczy, na kt\u00f3re trzeba ...\" data-state=\"closed\">\u200b<\/span><br \/>1.2. Administratorem danych osobowych jest: Kreator Urodzin (dalej: \u201eAdministrator\u201d).<br \/>1.3. Kontakt w sprawach zwi\u0105zanych z ochron\u0105 danych osobowych:<br \/>E\u2011mail:\u00a0<a class=\"reset interactable cursor-pointer decoration-1 underline-offset-1 text-super hover:underline font-semibold\" href=\"mailto:kontakt@kreatorurodzin.pl\" target=\"_blank\" rel=\"nofollow noopener\"><span class=\"text-box-trim-both\">kontakt@kreatorurodzin.pl<\/span><\/a><br \/>Telefon: +48 123\u2011456\u2011789.<\/p><h2 class=\"mb-2 mt-4 font-display font-semimedium text-base first:mt-0\">2. Zakres przetwarzanych danych<\/h2><p class=\"my-2 [&amp;+p]:mt-4 [&amp;_strong:has(+br)]:inline-block [&amp;_strong:has(+br)]:pb-2\">2.1. W zwi\u0105zku z korzystaniem z Serwisu mo\u017cemy przetwarza\u0107 w szczeg\u00f3lno\u015bci nast\u0119puj\u0105ce dane: imi\u0119, nazwisko, adres e\u2011mail, numer telefonu, dane dotycz\u0105ce rezerwacji (data, godzina, liczba uczestnik\u00f3w, wybrana atrakcja), adres IP, dane dotycz\u0105ce urz\u0105dzenia i przegl\u0105darki, historia aktywno\u015bci w Serwisie (np. dokonane rezerwacje).<span aria-label=\"Biuro podr\u00f3\u017cy Rainbow - Polityka prywatno\u015bci\" data-state=\"closed\">\u200b<\/span><br \/>2.2. Podanie danych jest dobrowolne, ale w niekt\u00f3rych przypadkach konieczne do zawarcia i realizacji umowy rezerwacji oraz do obs\u0142ugi kontaktu.<span aria-label=\"Polityka prywatno\u015bci - Hotel Racibor\" data-state=\"closed\">\u200b<\/span><\/p><h2 class=\"mb-2 mt-4 font-display font-semimedium text-base first:mt-0\">3. Cele i podstawy prawne przetwarzania<\/h2><p class=\"my-2 [&amp;+p]:mt-4 [&amp;_strong:has(+br)]:inline-block [&amp;_strong:has(+br)]:pb-2\">3.1. Dane osobowe przetwarzamy w nast\u0119puj\u0105cych celach:<span data-state=\"closed\">\u200b<\/span><\/p><ul class=\"marker:text-quiet list-disc\"><li class=\"py-0 my-0 prose-p:pt-0 prose-p:mb-2 prose-p:my-0 [&amp;&gt;p]:pt-0 [&amp;&gt;p]:mb-2 [&amp;&gt;p]:my-0\"><p class=\"my-2 [&amp;+p]:mt-4 [&amp;_strong:has(+br)]:inline-block [&amp;_strong:has(+br)]:pb-2\">realizacja rezerwacji i obs\u0142uga umowy zawieranej za po\u015brednictwem Serwisu (art. 6 ust. 1 lit. b RODO),<\/p><\/li><li class=\"py-0 my-0 prose-p:pt-0 prose-p:mb-2 prose-p:my-0 [&amp;&gt;p]:pt-0 [&amp;&gt;p]:mb-2 [&amp;&gt;p]:my-0\"><p class=\"my-2 [&amp;+p]:mt-4 [&amp;_strong:has(+br)]:inline-block [&amp;_strong:has(+br)]:pb-2\">obs\u0142uga zapyta\u0144 kierowanych przez formularz kontaktowy lub e\u2011mail (art. 6 ust. 1 lit. b lub f RODO),<\/p><\/li><li class=\"py-0 my-0 prose-p:pt-0 prose-p:mb-2 prose-p:my-0 [&amp;&gt;p]:pt-0 [&amp;&gt;p]:mb-2 [&amp;&gt;p]:my-0\"><p class=\"my-2 [&amp;+p]:mt-4 [&amp;_strong:has(+br)]:inline-block [&amp;_strong:has(+br)]:pb-2\">prowadzenie konta U\u017cytkownika w Serwisie (art. 6 ust. 1 lit. b RODO),<\/p><\/li><li class=\"py-0 my-0 prose-p:pt-0 prose-p:mb-2 prose-p:my-0 [&amp;&gt;p]:pt-0 [&amp;&gt;p]:mb-2 [&amp;&gt;p]:my-0\"><p class=\"my-2 [&amp;+p]:mt-4 [&amp;_strong:has(+br)]:inline-block [&amp;_strong:has(+br)]:pb-2\">realizacja obowi\u0105zk\u00f3w prawnych (np. podatkowych, ksi\u0119gowych \u2013 art. 6 ust. 1 lit. c RODO),<\/p><\/li><li class=\"py-0 my-0 prose-p:pt-0 prose-p:mb-2 prose-p:my-0 [&amp;&gt;p]:pt-0 [&amp;&gt;p]:mb-2 [&amp;&gt;p]:my-0\"><p class=\"my-2 [&amp;+p]:mt-4 [&amp;_strong:has(+br)]:inline-block [&amp;_strong:has(+br)]:pb-2\">zapewnienie bezpiecze\u0144stwa Serwisu, dochodzenie roszcze\u0144 i obrona przed roszczeniami (art. 6 ust. 1 lit. f RODO),<\/p><\/li><li class=\"py-0 my-0 prose-p:pt-0 prose-p:mb-2 prose-p:my-0 [&amp;&gt;p]:pt-0 [&amp;&gt;p]:mb-2 [&amp;&gt;p]:my-0\"><p class=\"my-2 [&amp;+p]:mt-4 [&amp;_strong:has(+br)]:inline-block [&amp;_strong:has(+br)]:pb-2\">dzia\u0142ania analityczne, statystyczne oraz ulepszanie dzia\u0142ania Serwisu (art. 6 ust. 1 lit. f RODO),<\/p><\/li><li class=\"py-0 my-0 prose-p:pt-0 prose-p:mb-2 prose-p:my-0 [&amp;&gt;p]:pt-0 [&amp;&gt;p]:mb-2 [&amp;&gt;p]:my-0\"><p class=\"my-2 [&amp;+p]:mt-4 [&amp;_strong:has(+br)]:inline-block [&amp;_strong:has(+br)]:pb-2\">prowadzenie komunikacji marketingowej (np. newsletter) \u2013 na podstawie zgody, je\u015bli zostanie udzielona (art. 6 ust. 1 lit. a RODO).<\/p><\/li><\/ul><p class=\"my-2 [&amp;+p]:mt-4 [&amp;_strong:has(+br)]:inline-block [&amp;_strong:has(+br)]:pb-2\">3.2. W ka\u017cdej chwili mo\u017cesz wycofa\u0107 udzielon\u0105 zgod\u0119 \u2013 nie wp\u0142ywa to na zgodno\u015b\u0107 z prawem przetwarzania przed jej wycofaniem.<span aria-label=\"Polityka Prywatno\u015bci na stronie internetowej\" data-state=\"closed\">\u200b<\/span><\/p><h2 class=\"mb-2 mt-4 font-display font-semimedium text-base first:mt-0\">4. Udost\u0119pnianie danych<\/h2><p class=\"my-2 [&amp;+p]:mt-4 [&amp;_strong:has(+br)]:inline-block [&amp;_strong:has(+br)]:pb-2\">4.1. Dane U\u017cytkownik\u00f3w mog\u0105 by\u0107 przekazywane Partnerom \u2013 podmiotom oferuj\u0105cym atrakcje urodzinowe, w zakresie niezb\u0119dnym do realizacji rezerwacji (np. imi\u0119, nazwisko, kontakt, szczeg\u00f3\u0142y rezerwacji).<span data-state=\"closed\">\u200b<\/span><br \/>4.2. Dane mog\u0105 by\u0107 tak\u017ce przekazywane dostawcom us\u0142ug, z kt\u00f3rych korzysta Administrator, takim jak:<\/p><ul class=\"marker:text-quiet list-disc\"><li class=\"py-0 my-0 prose-p:pt-0 prose-p:mb-2 prose-p:my-0 [&amp;&gt;p]:pt-0 [&amp;&gt;p]:mb-2 [&amp;&gt;p]:my-0\"><p class=\"my-2 [&amp;+p]:mt-4 [&amp;_strong:has(+br)]:inline-block [&amp;_strong:has(+br)]:pb-2\">dostawca hostingu,<\/p><\/li><li class=\"py-0 my-0 prose-p:pt-0 prose-p:mb-2 prose-p:my-0 [&amp;&gt;p]:pt-0 [&amp;&gt;p]:mb-2 [&amp;&gt;p]:my-0\"><p class=\"my-2 [&amp;+p]:mt-4 [&amp;_strong:has(+br)]:inline-block [&amp;_strong:has(+br)]:pb-2\">dostawca systemu p\u0142atno\u015bci online,<\/p><\/li><li class=\"py-0 my-0 prose-p:pt-0 prose-p:mb-2 prose-p:my-0 [&amp;&gt;p]:pt-0 [&amp;&gt;p]:mb-2 [&amp;&gt;p]:my-0\"><p class=\"my-2 [&amp;+p]:mt-4 [&amp;_strong:has(+br)]:inline-block [&amp;_strong:has(+br)]:pb-2\">podmiot \u015bwiadcz\u0105cy us\u0142ugi IT i wsparcie techniczne,<\/p><\/li><li class=\"py-0 my-0 prose-p:pt-0 prose-p:mb-2 prose-p:my-0 [&amp;&gt;p]:pt-0 [&amp;&gt;p]:mb-2 [&amp;&gt;p]:my-0\"><p class=\"my-2 [&amp;+p]:mt-4 [&amp;_strong:has(+br)]:inline-block [&amp;_strong:has(+br)]:pb-2\">biuro ksi\u0119gowe, je\u015bli jest to konieczne do realizacji obowi\u0105zk\u00f3w prawnych.<span aria-label=\"Polityka prywatno\u015bci - Stokado\" data-state=\"closed\">\u200b<\/span><br \/>4.3. Wszystkie podmioty przetwarzaj\u0105ce dane na nasze zlecenie dzia\u0142aj\u0105 na podstawie um\u00f3w powierzenia danych i s\u0105 zobowi\u0105zane do zachowania poufno\u015bci.<span aria-label=\"RODO i serwis internetowy - 7 rzeczy, na kt\u00f3re trzeba ...\" data-state=\"closed\">\u200b<\/span><\/p><\/li><\/ul><h2 class=\"mb-2 mt-4 font-display font-semimedium text-base first:mt-0\">5. Okres przechowywania danych<\/h2><p class=\"my-2 [&amp;+p]:mt-4 [&amp;_strong:has(+br)]:inline-block [&amp;_strong:has(+br)]:pb-2\">5.1. Dane osobowe b\u0119d\u0105 przechowywane przez okres:<span aria-label=\"Co to jest polityka prywatno\u015bci i jak j\u0105 przygotowa\u0107 zgodnie z RODO?\" data-state=\"closed\">\u200b<\/span><\/p><ul class=\"marker:text-quiet list-disc\"><li class=\"py-0 my-0 prose-p:pt-0 prose-p:mb-2 prose-p:my-0 [&amp;&gt;p]:pt-0 [&amp;&gt;p]:mb-2 [&amp;&gt;p]:my-0\"><p class=\"my-2 [&amp;+p]:mt-4 [&amp;_strong:has(+br)]:inline-block [&amp;_strong:has(+br)]:pb-2\">trwania umowy i realizacji rezerwacji,<\/p><\/li><li class=\"py-0 my-0 prose-p:pt-0 prose-p:mb-2 prose-p:my-0 [&amp;&gt;p]:pt-0 [&amp;&gt;p]:mb-2 [&amp;&gt;p]:my-0\"><p class=\"my-2 [&amp;+p]:mt-4 [&amp;_strong:has(+br)]:inline-block [&amp;_strong:has(+br)]:pb-2\">wymagany przepisami prawa (np. dokumentacja ksi\u0119gowa \u2013 najcz\u0119\u015bciej 5 lat),<\/p><\/li><li class=\"py-0 my-0 prose-p:pt-0 prose-p:mb-2 prose-p:my-0 [&amp;&gt;p]:pt-0 [&amp;&gt;p]:mb-2 [&amp;&gt;p]:my-0\"><p class=\"my-2 [&amp;+p]:mt-4 [&amp;_strong:has(+br)]:inline-block [&amp;_strong:has(+br)]:pb-2\">do czasu przedawnienia ewentualnych roszcze\u0144 zwi\u0105zanych z rezerwacj\u0105,<\/p><\/li><li class=\"py-0 my-0 prose-p:pt-0 prose-p:mb-2 prose-p:my-0 [&amp;&gt;p]:pt-0 [&amp;&gt;p]:mb-2 [&amp;&gt;p]:my-0\"><p class=\"my-2 [&amp;+p]:mt-4 [&amp;_strong:has(+br)]:inline-block [&amp;_strong:has(+br)]:pb-2\">w przypadku danych przetwarzanych na podstawie zgody \u2013 do momentu jej wycofania.<\/p><\/li><\/ul><h2 class=\"mb-2 mt-4 font-display font-semimedium text-base first:mt-0\">6. Prawa U\u017cytkownika<\/h2><p class=\"my-2 [&amp;+p]:mt-4 [&amp;_strong:has(+br)]:inline-block [&amp;_strong:has(+br)]:pb-2\">6.1. W zwi\u0105zku z przetwarzaniem danych osobowych przys\u0142uguj\u0105 Ci nast\u0119puj\u0105ce prawa:<span data-state=\"closed\">\u200b<\/span><\/p><ul class=\"marker:text-quiet list-disc\"><li class=\"py-0 my-0 prose-p:pt-0 prose-p:mb-2 prose-p:my-0 [&amp;&gt;p]:pt-0 [&amp;&gt;p]:mb-2 [&amp;&gt;p]:my-0\"><p class=\"my-2 [&amp;+p]:mt-4 [&amp;_strong:has(+br)]:inline-block [&amp;_strong:has(+br)]:pb-2\">prawo dost\u0119pu do danych,<\/p><\/li><li class=\"py-0 my-0 prose-p:pt-0 prose-p:mb-2 prose-p:my-0 [&amp;&gt;p]:pt-0 [&amp;&gt;p]:mb-2 [&amp;&gt;p]:my-0\"><p class=\"my-2 [&amp;+p]:mt-4 [&amp;_strong:has(+br)]:inline-block [&amp;_strong:has(+br)]:pb-2\">prawo do ich sprostowania,<\/p><\/li><li class=\"py-0 my-0 prose-p:pt-0 prose-p:mb-2 prose-p:my-0 [&amp;&gt;p]:pt-0 [&amp;&gt;p]:mb-2 [&amp;&gt;p]:my-0\"><p class=\"my-2 [&amp;+p]:mt-4 [&amp;_strong:has(+br)]:inline-block [&amp;_strong:has(+br)]:pb-2\">prawo do usuni\u0119cia danych (\u201eprawo do bycia zapomnianym\u201d),<\/p><\/li><li class=\"py-0 my-0 prose-p:pt-0 prose-p:mb-2 prose-p:my-0 [&amp;&gt;p]:pt-0 [&amp;&gt;p]:mb-2 [&amp;&gt;p]:my-0\"><p class=\"my-2 [&amp;+p]:mt-4 [&amp;_strong:has(+br)]:inline-block [&amp;_strong:has(+br)]:pb-2\">prawo do ograniczenia przetwarzania,<\/p><\/li><li class=\"py-0 my-0 prose-p:pt-0 prose-p:mb-2 prose-p:my-0 [&amp;&gt;p]:pt-0 [&amp;&gt;p]:mb-2 [&amp;&gt;p]:my-0\"><p class=\"my-2 [&amp;+p]:mt-4 [&amp;_strong:has(+br)]:inline-block [&amp;_strong:has(+br)]:pb-2\">prawo do przenoszenia danych,<\/p><\/li><li class=\"py-0 my-0 prose-p:pt-0 prose-p:mb-2 prose-p:my-0 [&amp;&gt;p]:pt-0 [&amp;&gt;p]:mb-2 [&amp;&gt;p]:my-0\"><p class=\"my-2 [&amp;+p]:mt-4 [&amp;_strong:has(+br)]:inline-block [&amp;_strong:has(+br)]:pb-2\">prawo wniesienia sprzeciwu wobec przetwarzania (gdy podstaw\u0105 jest interes prawny Administratora),<\/p><\/li><li class=\"py-0 my-0 prose-p:pt-0 prose-p:mb-2 prose-p:my-0 [&amp;&gt;p]:pt-0 [&amp;&gt;p]:mb-2 [&amp;&gt;p]:my-0\"><p class=\"my-2 [&amp;+p]:mt-4 [&amp;_strong:has(+br)]:inline-block [&amp;_strong:has(+br)]:pb-2\">prawo do wycofania zgody w dowolnym momencie (je\u015bli przetwarzanie odbywa si\u0119 na podstawie zgody).<\/p><\/li><\/ul><p class=\"my-2 [&amp;+p]:mt-4 [&amp;_strong:has(+br)]:inline-block [&amp;_strong:has(+br)]:pb-2\">6.2. Aby skorzysta\u0107 z przys\u0142uguj\u0105cych praw, skontaktuj si\u0119 z nami na adres:\u00a0<a class=\"reset interactable cursor-pointer decoration-1 underline-offset-1 text-super hover:underline font-semibold\" href=\"mailto:kontakt@kreatorurodzin.pl\" target=\"_blank\" rel=\"nofollow noopener\"><span class=\"text-box-trim-both\">kontakt@kreatorurodzin.pl<\/span><\/a>.<span aria-label=\"Co to jest polityka prywatno\u015bci i jak j\u0105 przygotowa\u0107 zgodnie z RODO?\" data-state=\"closed\">\u200b<\/span><br \/>6.3. Masz tak\u017ce prawo wniesienia skargi do Prezesa Urz\u0119du Ochrony Danych Osobowych, je\u015bli uznasz, \u017ce przetwarzanie Twoich danych narusza przepisy RODO.<span aria-label=\"Polityka Prywatno\u015bci na stronie internetowej\" data-state=\"closed\">\u200b<\/span><\/p><h2 class=\"mb-2 mt-4 font-display font-semimedium text-base first:mt-0\">7. Pliki cookies i podobne technologie<\/h2><p class=\"my-2 [&amp;+p]:mt-4 [&amp;_strong:has(+br)]:inline-block [&amp;_strong:has(+br)]:pb-2\">7.1. Serwis wykorzystuje pliki cookies (ciasteczka) oraz podobne technologie w celu zapewnienia prawid\u0142owego dzia\u0142ania strony, dostosowania jej do preferencji U\u017cytkownik\u00f3w, prowadzenia anonimowych statystyk odwiedzin oraz dzia\u0142a\u0144 marketingowych.<span data-state=\"closed\">\u200b<\/span><br \/>7.2. W ramach Serwisu mog\u0105 by\u0107 stosowane nast\u0119puj\u0105ce rodzaje plik\u00f3w cookies:<\/p><ul class=\"marker:text-quiet list-disc\"><li class=\"py-0 my-0 prose-p:pt-0 prose-p:mb-2 prose-p:my-0 [&amp;&gt;p]:pt-0 [&amp;&gt;p]:mb-2 [&amp;&gt;p]:my-0\"><p class=\"my-2 [&amp;+p]:mt-4 [&amp;_strong:has(+br)]:inline-block [&amp;_strong:has(+br)]:pb-2\">niezb\u0119dne \u2013 umo\u017cliwiaj\u0105ce poprawne dzia\u0142anie Serwisu i realizacj\u0119 podstawowych funkcji (np. logowanie, obs\u0142uga koszyka\/rezerwacji),<\/p><\/li><li class=\"py-0 my-0 prose-p:pt-0 prose-p:mb-2 prose-p:my-0 [&amp;&gt;p]:pt-0 [&amp;&gt;p]:mb-2 [&amp;&gt;p]:my-0\"><p class=\"my-2 [&amp;+p]:mt-4 [&amp;_strong:has(+br)]:inline-block [&amp;_strong:has(+br)]:pb-2\">funkcjonalne \u2013 zapami\u0119tuj\u0105ce wybrane ustawienia (np. preferencje j\u0119zykowe),<\/p><\/li><li class=\"py-0 my-0 prose-p:pt-0 prose-p:mb-2 prose-p:my-0 [&amp;&gt;p]:pt-0 [&amp;&gt;p]:mb-2 [&amp;&gt;p]:my-0\"><p class=\"my-2 [&amp;+p]:mt-4 [&amp;_strong:has(+br)]:inline-block [&amp;_strong:has(+br)]:pb-2\">analityczne i statystyczne \u2013 pomagaj\u0105ce nam ulepsza\u0107 Serwis poprzez analiz\u0119 sposobu korzystania z niego,<\/p><\/li><li class=\"py-0 my-0 prose-p:pt-0 prose-p:mb-2 prose-p:my-0 [&amp;&gt;p]:pt-0 [&amp;&gt;p]:mb-2 [&amp;&gt;p]:my-0\"><p class=\"my-2 [&amp;+p]:mt-4 [&amp;_strong:has(+br)]:inline-block [&amp;_strong:has(+br)]:pb-2\">marketingowe \u2013 wykorzystywane tylko w przypadku wyra\u017cenia na nie zgody.<span data-state=\"closed\">\u200b<\/span><\/p><\/li><\/ul><p class=\"my-2 [&amp;+p]:mt-4 [&amp;_strong:has(+br)]:inline-block [&amp;_strong:has(+br)]:pb-2\">7.3. Przy pierwszej wizycie w Serwisie wy\u015bwietlamy baner cookies, w kt\u00f3rym mo\u017cesz zaakceptowa\u0107 wszystkie pliki cookies lub zarz\u0105dza\u0107 swoimi preferencjami.<span aria-label=\"RODO Na Stronie Internetowej \u2013 Poradnik\" data-state=\"closed\">\u200b<\/span><br \/>7.4. W ka\u017cdej chwili mo\u017cesz zmieni\u0107 ustawienia cookies w swojej przegl\u0105darce lub usun\u0105\u0107 zapisane pliki cookies. Ograniczenie stosowania cookies mo\u017ce jednak wp\u0142yn\u0105\u0107 na niekt\u00f3re funkcje Serwisu.<span aria-label=\"Co powinna zawiera\u0107 polityka cookies - udost\u0119pniamy wz\u00f3r - ODO 24\" data-state=\"closed\">\u200b<\/span><\/p><h2 class=\"mb-2 mt-4 font-display font-semimedium text-base first:mt-0\">8. Bezpiecze\u0144stwo danych<\/h2><p class=\"my-2 [&amp;+p]:mt-4 [&amp;_strong:has(+br)]:inline-block [&amp;_strong:has(+br)]:pb-2\">8.1. Administrator stosuje odpowiednie \u015brodki techniczne i organizacyjne, aby zapewni\u0107 ochron\u0119 danych osobowych przed ich utrat\u0105, zniszczeniem, nieuprawnionym dost\u0119pem lub ujawnieniem.<span data-state=\"closed\">\u200b<\/span><br \/>8.2. Dost\u0119p do danych maj\u0105 wy\u0142\u0105cznie osoby upowa\u017cnione i zobowi\u0105zane do zachowania poufno\u015bci.<br \/>8.3. Dane przesy\u0142ane przez formularze w Serwisie mog\u0105 by\u0107 chronione z u\u017cyciem szyfrowania (np. certyfikat SSL), aby zwi\u0119kszy\u0107 bezpiecze\u0144stwo transmisji.<span aria-label=\"RODO Na Stronie Internetowej \u2013 Poradnik\" data-state=\"closed\">\u200b<\/span><\/p><h2 class=\"mb-2 mt-4 font-display font-semimedium text-base first:mt-0\">9. Zmiany Polityki prywatno\u015bci<\/h2><p class=\"my-2 [&amp;+p]:mt-4 [&amp;_strong:has(+br)]:inline-block [&amp;_strong:has(+br)]:pb-2\">9.1. Administrator zastrzega sobie prawo do wprowadzania zmian w niniejszej Polityce prywatno\u015bci, m.in. w zwi\u0105zku ze zmianami przepis\u00f3w prawa lub rozwojem funkcjonalno\u015bci Serwisu.<span aria-label=\"Polityka Prywatno\u015bci na stronie internetowej\" data-state=\"closed\">\u200b<\/span><br \/>9.2. Zaktualizowana wersja Polityki prywatno\u015bci b\u0119dzie publikowana na stronie Serwisu wraz z dat\u0105 aktualizacji.<br \/>9.3. Dalsze korzystanie z Serwisu po wprowadzeniu zmian oznacza akceptacj\u0119 nowej tre\u015bci Polityki prywatno\u015bci.<\/p><h2 class=\"mb-2 mt-4 font-display font-semimedium text-base first:mt-0\">10. Kontakt<\/h2><p class=\"my-2 [&amp;+p]:mt-4 [&amp;_strong:has(+br)]:inline-block [&amp;_strong:has(+br)]:pb-2\">10.1. W sprawach zwi\u0105zanych z przetwarzaniem danych osobowych lub realizacj\u0105 Twoich praw mo\u017cesz skontaktowa\u0107 si\u0119 z Administratorem:<br \/>E\u2011mail:\u00a0<a class=\"reset interactable cursor-pointer decoration-1 underline-offset-1 text-super hover:underline font-semibold\" href=\"mailto:kontakt@kreatorurodzin.pl\" target=\"_blank\" rel=\"nofollow noopener\"><span class=\"text-box-trim-both\">kontakt@kreatorurodzin.pl<\/span><\/a><br \/>Telefon: +48 123\u2011456\u2011789.<span aria-label=\"Co to jest polityka prywatno\u015bci i jak j\u0105 przygotowa\u0107 zgodnie z RODO?\" data-state=\"closed\">\u200b<\/span><\/p>\t\t\t\t\t\t\t\t<\/div>\n\t\t\t\t<\/div>\n\t\t\t\t\t<\/div>\n\t\t\t\t<\/div>\n\t\t\t\t<\/div>\n\t\t","protected":false},"excerpt":{"rendered":"<p>Polityka prywatno\u015bci 1. Informacje og\u00f3lne 1.1. Niniejsza Polityka prywatno\u015bci opisuje zasady przetwarzania danych osobowych U\u017cytkownik\u00f3w serwisu internetowego Kreator Urodzin, dost\u0119pnego pod adresem: kreatorurodzin.pl (dalej: \u201eSerwis\u201d).\u200b1.2. Administratorem danych osobowych jest: Kreator Urodzin (dalej: \u201eAdministrator\u201d).1.3. Kontakt w sprawach zwi\u0105zanych z ochron\u0105 danych osobowych:E\u2011mail:\u00a0kontakt@kreatorurodzin.plTelefon: +48 123\u2011456\u2011789. 2. Zakres przetwarzanych danych 2.1. W zwi\u0105zku z korzystaniem z Serwisu mo\u017cemy [&hellip;]<\/p>\n","protected":false},"author":1,"featured_media":0,"parent":0,"menu_order":0,"comment_status":"closed","ping_status":"closed","template":"elementor_header_footer","meta":{"footnotes":""},"class_list":["post-993","page","type-page","status-publish","hentry"],"_links":{"self":[{"href":"https:\/\/kreatorurodzin.pl\/en\/wp-json\/wp\/v2\/pages\/993","targetHints":{"allow":["GET"]}}],"collection":[{"href":"https:\/\/kreatorurodzin.pl\/en\/wp-json\/wp\/v2\/pages"}],"about":[{"href":"https:\/\/kreatorurodzin.pl\/en\/wp-json\/wp\/v2\/types\/page"}],"author":[{"embeddable":true,"href":"https:\/\/kreatorurodzin.pl\/en\/wp-json\/wp\/v2\/users\/1"}],"replies":[{"embeddable":true,"href":"https:\/\/kreatorurodzin.pl\/en\/wp-json\/wp\/v2\/comments?post=993"}],"version-history":[{"count":4,"href":"https:\/\/kreatorurodzin.pl\/en\/wp-json\/wp\/v2\/pages\/993\/revisions"}],"predecessor-version":[{"id":998,"href":"https:\/\/kreatorurodzin.pl\/en\/wp-json\/wp\/v2\/pages\/993\/revisions\/998"}],"wp:attachment":[{"href":"https:\/\/kreatorurodzin.pl\/en\/wp-json\/wp\/v2\/media?parent=993"}],"curies":[{"name":"wp","href":"https:\/\/api.w.org\/{rel}","templated":true}]}}